{"id":42,"date":"2024-03-06T20:44:19","date_gmt":"2024-03-06T19:44:19","guid":{"rendered":"https:\/\/www.farnostnadlice.sk\/?page_id=42"},"modified":"2024-04-21T12:21:21","modified_gmt":"2024-04-21T10:21:21","slug":"kontakt","status":"publish","type":"page","link":"https:\/\/www.farnostnadlice.sk\/index.php\/kontakt\/","title":{"rendered":"Kontakt"},"content":{"rendered":"\n<p>956 32 Nadlice 32<\/p>\n\n\n\n<p><strong>e-mail:<\/strong>&nbsp;nadlice@nrb.sk<\/p>\n\n\n\n<p><strong>tel.\u010d.:<\/strong>&nbsp;038\/ 542 43 18 (farsk\u00fd \u00farad)<\/p>\n\n\n\n<p><strong>Spr\u00e1vca farnosti:<\/strong>&nbsp;Mgr.Ondrej Kova\u013e<\/p>\n\n\n\n<p><strong>I\u010cO:<\/strong>&nbsp;34074295<\/p>\n\n\n\n<p><strong>DI\u010c:<\/strong>&nbsp;2021476864<\/p>\n\n\n\n<p><strong>Bankov\u00e9 spojenie:<\/strong>&nbsp;SK8409000000000263086547<\/p>\n\n\n","protected":false},"excerpt":{"rendered":"<p>956 32 Nadlice 32 e-mail:&nbsp;nadlice@nrb.sk tel.\u010d.:&nbsp;038\/ 542 43 18 (farsk\u00fd \u00farad) Spr\u00e1vca farnosti:&nbsp;Mgr.Ondrej Kova\u013e I\u010cO:&nbsp;34074295 DI\u010c:&nbsp;2021476864 Bankov\u00e9 spojenie:&nbsp;SK8409000000000263086547<\/p>\n","protected":false},"author":1,"featured_media":0,"parent":0,"menu_order":0,"comment_status":"closed","ping_status":"closed","template":"","meta":{"footnotes":""},"class_list":["post-42","page","type-page","status-publish","hentry","post"],"_links":{"self":[{"href":"https:\/\/www.farnostnadlice.sk\/index.php\/wp-json\/wp\/v2\/pages\/42","targetHints":{"allow":["GET"]}}],"collection":[{"href":"https:\/\/www.farnostnadlice.sk\/index.php\/wp-json\/wp\/v2\/pages"}],"about":[{"href":"https:\/\/www.farnostnadlice.sk\/index.php\/wp-json\/wp\/v2\/types\/page"}],"author":[{"embeddable":true,"href":"https:\/\/www.farnostnadlice.sk\/index.php\/wp-json\/wp\/v2\/users\/1"}],"replies":[{"embeddable":true,"href":"https:\/\/www.farnostnadlice.sk\/index.php\/wp-json\/wp\/v2\/comments?post=42"}],"version-history":[{"count":4,"href":"https:\/\/www.farnostnadlice.sk\/index.php\/wp-json\/wp\/v2\/pages\/42\/revisions"}],"predecessor-version":[{"id":115,"href":"https:\/\/www.farnostnadlice.sk\/index.php\/wp-json\/wp\/v2\/pages\/42\/revisions\/115"}],"wp:attachment":[{"href":"https:\/\/www.farnostnadlice.sk\/index.php\/wp-json\/wp\/v2\/media?parent=42"}],"curies":[{"name":"wp","href":"https:\/\/api.w.org\/{rel}","templated":true}]}}