{"id":12,"date":"2024-03-06T19:58:07","date_gmt":"2024-03-06T18:58:07","guid":{"rendered":"https:\/\/www.farnostnadlice.sk\/?page_id=12"},"modified":"2026-04-19T12:24:33","modified_gmt":"2026-04-19T10:24:33","slug":"oznamy","status":"publish","type":"page","link":"https:\/\/www.farnostnadlice.sk\/index.php\/oznamy\/","title":{"rendered":"Oznamy"},"content":{"rendered":"\n<p><strong>FARSK\u00c9 OZNAMY OD 20. APR\u00cdLA 2026 DO 26. APR\u00cdLA 2026<\/strong><\/p>\n\n\n\n<figure class=\"wp-block-table\"><table class=\"has-fixed-layout\"><tbody><tr><td><strong>DE\u0147<\/strong><\/td><td><strong>LITURGICK\u00dd<\/strong> <strong>KALEND\u00c1R<\/strong><\/td><td><strong>\u010cAS<\/strong><\/td><td><strong>OBEC<\/strong><\/td><td><strong>\u00daMYSEL<\/strong><\/td><\/tr><tr><td>PONDELOK<\/td><td><em>F\u00e9ria<\/em><\/td><td>18:00<\/td><td>Nadlice<\/td><td>Bo\u017eie po\u017eehnanie a&nbsp;zdravie pre Annu \u010eatelinkov\u00fa<\/td><\/tr><tr><td>UTOROK<\/td><td><em>F\u00e9ria<\/em><\/td><td>17:00<\/td><td>Raj\u010dany<\/td><td>+ Anton, Anast\u00e1zia, deti &nbsp;a&nbsp;star\u00ed rodi\u010dia z&nbsp;oboch str\u00e1n<\/td><\/tr><tr><td>STREDA<\/td><td><em>F\u00e9ria<\/em><\/td><td>18:00<\/td><td>Nadlice<\/td><td>+ M\u00e1ria \u010eatelinkov\u00e1 r. Bakytov\u00e1<\/td><\/tr><tr><td>\u0160TVRTOK<\/td><td><em>Sv. Vojtecha, biskupa a&nbsp;mu\u010den\u00edka, spomienka<\/em><\/td><td>&nbsp;<\/td><td>&nbsp;<\/td><td>Sv\u00e4t\u00e1 om\u0161a vo farnosti nebude<\/td><\/tr><tr><td>PIATOK<\/td><td><em>Sv. Juraja, mu\u010den\u00edka, \u013eubovo\u013en\u00e1 spomienka<\/em><\/td><td>18:00<\/td><td>Nadlice<\/td><td>+ Jozef, M\u00e1ria a&nbsp;rodi\u010dia z&nbsp;oboch str\u00e1n<\/td><\/tr><tr><td>SOBOTA<\/td><td><strong><em>Ve\u010dern\u00e1 sv\u00e4t\u00e1 om\u0161a z nedele<\/em><\/strong><em><\/em><\/td><td><strong>18:00<\/strong><\/td><td><strong>Livinsk\u00e9 Opatovce<\/strong><\/td><td>+ Anton, Vilma, ich rodi\u010dia a&nbsp;st. rodi\u010dia<\/td><\/tr><tr><td rowspan=\"3\"><strong>NEDE\u013dA<\/strong><\/td><td rowspan=\"3\"><strong><em>\u0160tvrt\u00e1 Ve\u013ekono\u010dn\u00e1 Nede\u013ea<\/em><\/strong> <strong><em>&nbsp;Nede\u013ea Dobr\u00e9ho Pastiera<\/em><\/strong><\/td><td><strong>8:15<\/strong><\/td><td><strong>Livina<\/strong><\/td><td>+ rodi\u010dia Mikl\u00e1sov\u00ed, deti a za\u0165ovia<\/td><\/tr><tr><td><strong>9:30<\/strong><\/td><td><strong>Raj\u010dany<\/strong><\/td><td>+ rodi\u010dia Lege\u0148ov\u00ed a&nbsp;za\u0165 Mari\u00e1n<\/td><\/tr><tr><td><strong>11:00<\/strong><\/td><td><strong>Nadlice<\/strong><\/td><td><strong>ZA FARNOS\u0164<\/strong><\/td><\/tr><\/tbody><\/table><\/figure>\n\n\n\n<p>TRETIA VE\u013dKONO\u010cN\u00c1 NEDE\u013dA<\/p>\n\n\n\n<p><strong>Pr\u00edle\u017eitostn\u00e9 oznamy<\/strong><\/p>\n\n\n\n<ol class=\"wp-block-list\">\n<li>Vo ve\u013ekono\u010dnom obdob\u00ed sa namiesto modlitby Anjel P\u00e1na, modl\u00ed modlitba Raduj sa nebies Kr\u00e1\u013eovn\u00e1.<\/li>\n\n\n\n<li>Upratovanie farsk\u00e9ho kostola v Nadliciach: SKUPINA \u010c\u00cdSLO 4.<\/li>\n\n\n\n<li>V piatok 24.4. po sv. om\u0161i v Nadliciach o\u00a018:45 hod. sa uskuto\u010dn\u00ed prv\u00fd n\u00e1cvik det\u00ed na prv\u00e9 sv\u00e4t\u00e9 prij\u00edmanie.<\/li>\n\n\n\n<li>Na bud\u00facu nede\u013eu 26.4. bude predp\u00edsan\u00e1 jarn\u00e1 zbierka na k\u0148azsk\u00fd semin\u00e1r.<\/li>\n\n\n\n<li>P\u00e1n Boh zapla\u0165 v\u0161etk\u00fdm, ktor\u00ed sa star\u00e1te o jednotliv\u00e9 kostoly alebo in\u00fdm sp\u00f4sobom pom\u00e1hate v na\u0161ej farnosti. Nech V\u00e1s za to P\u00e1n Boh \u0161tedro odmen\u00ed.<\/li>\n<\/ol>\n","protected":false},"excerpt":{"rendered":"<p>FARSK\u00c9 OZNAMY OD 20. APR\u00cdLA 2026 DO 26. APR\u00cdLA 2026 DE\u0147 LITURGICK\u00dd KALEND\u00c1R \u010cAS OBEC \u00daMYSEL PONDELOK F\u00e9ria 18:00 Nadlice Bo\u017eie po\u017eehnanie a&nbsp;zdravie pre Annu \u010eatelinkov\u00fa UTOROK F\u00e9ria 17:00 Raj\u010dany + Anton, Anast\u00e1zia, deti &nbsp;a&nbsp;star\u00ed rodi\u010dia z&nbsp;oboch str\u00e1n STREDA F\u00e9ria 18:00 Nadlice + M\u00e1ria \u010eatelinkov\u00e1 r. Bakytov\u00e1 \u0160TVRTOK Sv. Vojtecha, biskupa a&nbsp;mu\u010den\u00edka, spomienka &nbsp; &nbsp; [&hellip;]<\/p>\n","protected":false},"author":1,"featured_media":0,"parent":0,"menu_order":0,"comment_status":"closed","ping_status":"closed","template":"","meta":{"footnotes":""},"class_list":["post-12","page","type-page","status-publish","hentry","post"],"_links":{"self":[{"href":"https:\/\/www.farnostnadlice.sk\/index.php\/wp-json\/wp\/v2\/pages\/12","targetHints":{"allow":["GET"]}}],"collection":[{"href":"https:\/\/www.farnostnadlice.sk\/index.php\/wp-json\/wp\/v2\/pages"}],"about":[{"href":"https:\/\/www.farnostnadlice.sk\/index.php\/wp-json\/wp\/v2\/types\/page"}],"author":[{"embeddable":true,"href":"https:\/\/www.farnostnadlice.sk\/index.php\/wp-json\/wp\/v2\/users\/1"}],"replies":[{"embeddable":true,"href":"https:\/\/www.farnostnadlice.sk\/index.php\/wp-json\/wp\/v2\/comments?post=12"}],"version-history":[{"count":138,"href":"https:\/\/www.farnostnadlice.sk\/index.php\/wp-json\/wp\/v2\/pages\/12\/revisions"}],"predecessor-version":[{"id":382,"href":"https:\/\/www.farnostnadlice.sk\/index.php\/wp-json\/wp\/v2\/pages\/12\/revisions\/382"}],"wp:attachment":[{"href":"https:\/\/www.farnostnadlice.sk\/index.php\/wp-json\/wp\/v2\/media?parent=12"}],"curies":[{"name":"wp","href":"https:\/\/api.w.org\/{rel}","templated":true}]}}